{"id":944,"date":"2023-03-25T06:54:20","date_gmt":"2023-03-25T05:54:20","guid":{"rendered":"https:\/\/fairsicherung.ch\/?page_id=944"},"modified":"2023-06-07T14:38:48","modified_gmt":"2023-06-07T13:38:48","slug":"impressum","status":"publish","type":"page","link":"https:\/\/fairsicherung.ch\/fr\/impressum\/","title":{"rendered":"Mentions l\u00e9gales"},"content":{"rendered":"<div data-elementor-type=\"wp-page\" data-elementor-id=\"944\" class=\"elementor elementor-944\" data-elementor-post-type=\"page\">\n\t\t\t\t\t\t<section class=\"elementor-section elementor-top-section elementor-element elementor-element-134845e elementor-section-boxed elementor-section-height-default elementor-section-height-default\" data-id=\"134845e\" data-element_type=\"section\" data-e-type=\"section\" data-settings=\"{&quot;background_background&quot;:&quot;classic&quot;}\">\n\t\t\t\t\t\t<div class=\"elementor-container elementor-column-gap-extended\">\n\t\t\t\t\t<div class=\"elementor-column elementor-col-100 elementor-top-column elementor-element elementor-element-ab6d28b\" data-id=\"ab6d28b\" data-element_type=\"column\" data-e-type=\"column\">\n\t\t\t<div class=\"elementor-widget-wrap elementor-element-populated\">\n\t\t\t\t\t\t<div class=\"elementor-element elementor-element-556927d elementor-widget-mobile__width-inherit elementor-widget elementor-widget-heading\" data-id=\"556927d\" data-element_type=\"widget\" data-e-type=\"widget\" data-widget_type=\"heading.default\">\n\t\t\t\t<div class=\"elementor-widget-container\">\n\t\t\t\t\t<h1 class=\"elementor-heading-title elementor-size-default\">Mentions l\u00e9gales<\/h1>\t\t\t\t<\/div>\n\t\t\t\t<\/div>\n\t\t\t\t\t<\/div>\n\t\t<\/div>\n\t\t\t\t\t<\/div>\n\t\t<\/section>\n\t\t\t\t<section class=\"elementor-section elementor-top-section elementor-element elementor-element-539e743 elementor-section-boxed elementor-section-height-default elementor-section-height-default\" data-id=\"539e743\" data-element_type=\"section\" data-e-type=\"section\">\n\t\t\t\t\t\t<div class=\"elementor-container elementor-column-gap-extended\">\n\t\t\t\t\t<div class=\"elementor-column elementor-col-100 elementor-top-column elementor-element elementor-element-f742dba\" data-id=\"f742dba\" data-element_type=\"column\" data-e-type=\"column\">\n\t\t\t<div class=\"elementor-widget-wrap elementor-element-populated\">\n\t\t\t\t\t\t<div class=\"elementor-element elementor-element-3476abb elementor-widget elementor-widget-heading\" data-id=\"3476abb\" data-element_type=\"widget\" data-e-type=\"widget\" data-widget_type=\"heading.default\">\n\t\t\t\t<div class=\"elementor-widget-container\">\n\t\t\t\t\t<h4 class=\"elementor-heading-title elementor-size-default\">\u00c9diteur<\/h4>\t\t\t\t<\/div>\n\t\t\t\t<\/div>\n\t\t\t\t<div class=\"elementor-element elementor-element-6409052 elementor-widget elementor-widget-text-editor\" data-id=\"6409052\" data-element_type=\"widget\" data-e-type=\"widget\" data-widget_type=\"text-editor.default\">\n\t\t\t\t<div class=\"elementor-widget-container\">\n\t\t\t\t\t\t\t\t\t<p>fairsicherungsberatung ag, <span class=\"elementor-icon-list-text\">Kramgasse 68, 3011 Bern<\/span> <a href=\"mailto:fair@fairsicherung.ch\">fair@fairsicherung.ch<\/a><\/p>\t\t\t\t\t\t\t\t<\/div>\n\t\t\t\t<\/div>\n\t\t\t\t<div class=\"elementor-element elementor-element-233453c elementor-widget-divider--view-line elementor-widget elementor-widget-divider\" data-id=\"233453c\" data-element_type=\"widget\" data-e-type=\"widget\" data-widget_type=\"divider.default\">\n\t\t\t\t<div class=\"elementor-widget-container\">\n\t\t\t\t\t\t\t<div class=\"elementor-divider\">\n\t\t\t<span class=\"elementor-divider-separator\">\n\t\t\t\t\t\t<\/span>\n\t\t<\/div>\n\t\t\t\t\t\t<\/div>\n\t\t\t\t<\/div>\n\t\t\t\t<div class=\"elementor-element elementor-element-eff80f0 elementor-widget elementor-widget-heading\" data-id=\"eff80f0\" data-element_type=\"widget\" data-e-type=\"widget\" data-widget_type=\"heading.default\">\n\t\t\t\t<div class=\"elementor-widget-container\">\n\t\t\t\t\t<h4 class=\"elementor-heading-title elementor-size-default\">Direction du projet<\/h4>\t\t\t\t<\/div>\n\t\t\t\t<\/div>\n\t\t\t\t<div class=\"elementor-element elementor-element-7d08edb elementor-widget elementor-widget-text-editor\" data-id=\"7d08edb\" data-element_type=\"widget\" data-e-type=\"widget\" data-widget_type=\"text-editor.default\">\n\t\t\t\t<div class=\"elementor-widget-container\">\n\t\t\t\t\t\t\t\t\t<p><a href=\"https:\/\/www.meletex.ch\/\" target=\"_blank\" rel=\"noopener\">Nik Ludin \u2013 Meletex GmbH<\/a><\/p>\t\t\t\t\t\t\t\t<\/div>\n\t\t\t\t<\/div>\n\t\t\t\t<div class=\"elementor-element elementor-element-9582702 elementor-widget-divider--view-line elementor-widget elementor-widget-divider\" data-id=\"9582702\" data-element_type=\"widget\" data-e-type=\"widget\" data-widget_type=\"divider.default\">\n\t\t\t\t<div class=\"elementor-widget-container\">\n\t\t\t\t\t\t\t<div class=\"elementor-divider\">\n\t\t\t<span class=\"elementor-divider-separator\">\n\t\t\t\t\t\t<\/span>\n\t\t<\/div>\n\t\t\t\t\t\t<\/div>\n\t\t\t\t<\/div>\n\t\t\t\t<div class=\"elementor-element elementor-element-3ba2292 elementor-widget elementor-widget-heading\" data-id=\"3ba2292\" data-element_type=\"widget\" data-e-type=\"widget\" data-widget_type=\"heading.default\">\n\t\t\t\t<div class=\"elementor-widget-container\">\n\t\t\t\t\t<h4 class=\"elementor-heading-title elementor-size-default\">Design, r\u00e9alisation<\/h4>\t\t\t\t<\/div>\n\t\t\t\t<\/div>\n\t\t\t\t<div class=\"elementor-element elementor-element-6afe97f elementor-widget elementor-widget-text-editor\" data-id=\"6afe97f\" data-element_type=\"widget\" data-e-type=\"widget\" data-widget_type=\"text-editor.default\">\n\t\t\t\t<div class=\"elementor-widget-container\">\n\t\t\t\t\t\t\t\t\t<p><a href=\"https:\/\/www.enpointe.ch\" target=\"_blank\" rel=\"noopener\">enpointe. GmbH<\/a><\/p>\t\t\t\t\t\t\t\t<\/div>\n\t\t\t\t<\/div>\n\t\t\t\t<div class=\"elementor-element elementor-element-70a16ec elementor-widget-divider--view-line elementor-widget elementor-widget-divider\" data-id=\"70a16ec\" data-element_type=\"widget\" data-e-type=\"widget\" data-widget_type=\"divider.default\">\n\t\t\t\t<div class=\"elementor-widget-container\">\n\t\t\t\t\t\t\t<div class=\"elementor-divider\">\n\t\t\t<span class=\"elementor-divider-separator\">\n\t\t\t\t\t\t<\/span>\n\t\t<\/div>\n\t\t\t\t\t\t<\/div>\n\t\t\t\t<\/div>\n\t\t\t\t<div class=\"elementor-element elementor-element-d105379 elementor-widget elementor-widget-heading\" data-id=\"d105379\" data-element_type=\"widget\" data-e-type=\"widget\" data-widget_type=\"heading.default\">\n\t\t\t\t<div class=\"elementor-widget-container\">\n\t\t\t\t\t<h4 class=\"elementor-heading-title elementor-size-default\">R\u00e9alisation web et CMS<\/h4>\t\t\t\t<\/div>\n\t\t\t\t<\/div>\n\t\t\t\t<div class=\"elementor-element elementor-element-98fc60e elementor-widget elementor-widget-text-editor\" data-id=\"98fc60e\" data-element_type=\"widget\" data-e-type=\"widget\" data-widget_type=\"text-editor.default\">\n\t\t\t\t<div class=\"elementor-widget-container\">\n\t\t\t\t\t\t\t\t\t<p><a href=\"https:\/\/www.enpointe.ch\" target=\"_blank\" rel=\"noopener\">enpointe. GmbH<\/a><\/p>\t\t\t\t\t\t\t\t<\/div>\n\t\t\t\t<\/div>\n\t\t\t\t\t<\/div>\n\t\t<\/div>\n\t\t\t\t\t<\/div>\n\t\t<\/section>\n\t\t\t\t<\/div>","protected":false},"excerpt":{"rendered":"<p>Impressum Herausgeber fairsicherungsberatung ag, Kramgasse 68, 3011 Bern fair@fairsicherung.ch Projektleitung Nik Ludin \u2013 Meletex GmbH Design, Umsetzung enpointe. GmbH Webrealisierung und CMS enpointe. GmbH<\/p>","protected":false},"author":4,"featured_media":0,"parent":0,"menu_order":0,"comment_status":"closed","ping_status":"closed","template":"elementor_header_footer","meta":{"footnotes":""},"class_list":["post-944","page","type-page","status-publish","hentry"],"yoast_head":"<!-- This site is optimized with the Yoast SEO plugin v27.4 - https:\/\/yoast.com\/product\/yoast-seo-wordpress\/ -->\n<title>Impressum - fairsicherung<\/title>\n<meta name=\"robots\" content=\"index, follow, max-snippet:-1, max-image-preview:large, max-video-preview:-1\" \/>\n<link rel=\"canonical\" href=\"https:\/\/fairsicherung.ch\/fr\/impressum\/\" \/>\n<meta property=\"og:locale\" content=\"fr_FR\" \/>\n<meta property=\"og:type\" content=\"article\" \/>\n<meta property=\"og:title\" content=\"Impressum - fairsicherung\" \/>\n<meta property=\"og:description\" content=\"Impressum Herausgeber fairsicherungsberatung ag, Kramgasse 68, 3011 Bern fair@fairsicherung.ch Projektleitung Nik Ludin \u2013 Meletex GmbH Design, Umsetzung enpointe. GmbH Webrealisierung und CMS enpointe. GmbH\" \/>\n<meta property=\"og:url\" content=\"https:\/\/fairsicherung.ch\/fr\/impressum\/\" \/>\n<meta property=\"og:site_name\" content=\"fairsicherung\" \/>\n<meta property=\"article:modified_time\" content=\"2023-06-07T13:38:48+00:00\" \/>\n<meta name=\"twitter:card\" content=\"summary_large_image\" \/>\n<script type=\"application\/ld+json\" class=\"yoast-schema-graph\">{\"@context\":\"https:\\\/\\\/schema.org\",\"@graph\":[{\"@type\":\"WebPage\",\"@id\":\"https:\\\/\\\/fairsicherung.ch\\\/impressum\\\/\",\"url\":\"https:\\\/\\\/fairsicherung.ch\\\/impressum\\\/\",\"name\":\"Impressum - fairsicherung\",\"isPartOf\":{\"@id\":\"https:\\\/\\\/fairsicherung.ch\\\/#website\"},\"datePublished\":\"2023-03-25T05:54:20+00:00\",\"dateModified\":\"2023-06-07T13:38:48+00:00\",\"breadcrumb\":{\"@id\":\"https:\\\/\\\/fairsicherung.ch\\\/impressum\\\/#breadcrumb\"},\"inLanguage\":\"fr-FR\",\"potentialAction\":[{\"@type\":\"ReadAction\",\"target\":[\"https:\\\/\\\/fairsicherung.ch\\\/impressum\\\/\"]}]},{\"@type\":\"BreadcrumbList\",\"@id\":\"https:\\\/\\\/fairsicherung.ch\\\/impressum\\\/#breadcrumb\",\"itemListElement\":[{\"@type\":\"ListItem\",\"position\":1,\"name\":\"Startseite\",\"item\":\"https:\\\/\\\/fairsicherung.ch\\\/\"},{\"@type\":\"ListItem\",\"position\":2,\"name\":\"Impressum\"}]},{\"@type\":\"WebSite\",\"@id\":\"https:\\\/\\\/fairsicherung.ch\\\/#website\",\"url\":\"https:\\\/\\\/fairsicherung.ch\\\/\",\"name\":\"fairsicherung\",\"description\":\"Seit \u00fcber 30 Jahren beraten wir KMU-Betriebe sowie Vereine und Verb\u00e4nde, NGOs, Selbstst\u00e4ndige und Privatpersonen.\",\"potentialAction\":[{\"@type\":\"SearchAction\",\"target\":{\"@type\":\"EntryPoint\",\"urlTemplate\":\"https:\\\/\\\/fairsicherung.ch\\\/?s={search_term_string}\"},\"query-input\":{\"@type\":\"PropertyValueSpecification\",\"valueRequired\":true,\"valueName\":\"search_term_string\"}}],\"inLanguage\":\"fr-FR\"}]}<\/script>\n<!-- \/ Yoast SEO plugin. -->","yoast_head_json":{"title":"Impressum - fairsicherung","robots":{"index":"index","follow":"follow","max-snippet":"max-snippet:-1","max-image-preview":"max-image-preview:large","max-video-preview":"max-video-preview:-1"},"canonical":"https:\/\/fairsicherung.ch\/fr\/impressum\/","og_locale":"fr_FR","og_type":"article","og_title":"Impressum - fairsicherung","og_description":"Impressum Herausgeber fairsicherungsberatung ag, Kramgasse 68, 3011 Bern fair@fairsicherung.ch Projektleitung Nik Ludin \u2013 Meletex GmbH Design, Umsetzung enpointe. GmbH Webrealisierung und CMS enpointe. GmbH","og_url":"https:\/\/fairsicherung.ch\/fr\/impressum\/","og_site_name":"fairsicherung","article_modified_time":"2023-06-07T13:38:48+00:00","twitter_card":"summary_large_image","schema":{"@context":"https:\/\/schema.org","@graph":[{"@type":"WebPage","@id":"https:\/\/fairsicherung.ch\/impressum\/","url":"https:\/\/fairsicherung.ch\/impressum\/","name":"Impressum - fairsicherung","isPartOf":{"@id":"https:\/\/fairsicherung.ch\/#website"},"datePublished":"2023-03-25T05:54:20+00:00","dateModified":"2023-06-07T13:38:48+00:00","breadcrumb":{"@id":"https:\/\/fairsicherung.ch\/impressum\/#breadcrumb"},"inLanguage":"fr-FR","potentialAction":[{"@type":"ReadAction","target":["https:\/\/fairsicherung.ch\/impressum\/"]}]},{"@type":"BreadcrumbList","@id":"https:\/\/fairsicherung.ch\/impressum\/#breadcrumb","itemListElement":[{"@type":"ListItem","position":1,"name":"Startseite","item":"https:\/\/fairsicherung.ch\/"},{"@type":"ListItem","position":2,"name":"Impressum"}]},{"@type":"WebSite","@id":"https:\/\/fairsicherung.ch\/#website","url":"https:\/\/fairsicherung.ch\/","name":"fairsicherung","description":"Seit \u00fcber 30 Jahren beraten wir KMU-Betriebe sowie Vereine und Verb\u00e4nde, NGOs, Selbstst\u00e4ndige und Privatpersonen.","potentialAction":[{"@type":"SearchAction","target":{"@type":"EntryPoint","urlTemplate":"https:\/\/fairsicherung.ch\/?s={search_term_string}"},"query-input":{"@type":"PropertyValueSpecification","valueRequired":true,"valueName":"search_term_string"}}],"inLanguage":"fr-FR"}]}},"_links":{"self":[{"href":"https:\/\/fairsicherung.ch\/fr\/wp-json\/wp\/v2\/pages\/944","targetHints":{"allow":["GET"]}}],"collection":[{"href":"https:\/\/fairsicherung.ch\/fr\/wp-json\/wp\/v2\/pages"}],"about":[{"href":"https:\/\/fairsicherung.ch\/fr\/wp-json\/wp\/v2\/types\/page"}],"author":[{"embeddable":true,"href":"https:\/\/fairsicherung.ch\/fr\/wp-json\/wp\/v2\/users\/4"}],"replies":[{"embeddable":true,"href":"https:\/\/fairsicherung.ch\/fr\/wp-json\/wp\/v2\/comments?post=944"}],"version-history":[{"count":55,"href":"https:\/\/fairsicherung.ch\/fr\/wp-json\/wp\/v2\/pages\/944\/revisions"}],"predecessor-version":[{"id":2567,"href":"https:\/\/fairsicherung.ch\/fr\/wp-json\/wp\/v2\/pages\/944\/revisions\/2567"}],"wp:attachment":[{"href":"https:\/\/fairsicherung.ch\/fr\/wp-json\/wp\/v2\/media?parent=944"}],"curies":[{"name":"wp","href":"https:\/\/api.w.org\/{rel}","templated":true}]}}