{"id":1671,"date":"2023-03-28T12:57:29","date_gmt":"2023-03-28T11:57:29","guid":{"rendered":"https:\/\/fairsicherung.ch\/?page_id=1671"},"modified":"2023-07-10T09:11:34","modified_gmt":"2023-07-10T08:11:34","slug":"kmu-und-selbstaendige","status":"publish","type":"page","link":"https:\/\/fairsicherung.ch\/fr\/kmu-und-selbstaendige\/","title":{"rendered":"PME et ind\u00e9pendants"},"content":{"rendered":"<div data-elementor-type=\"wp-page\" data-elementor-id=\"1671\" class=\"elementor elementor-1671\" data-elementor-post-type=\"page\">\n\t\t\t\t\t\t<section class=\"elementor-section elementor-top-section elementor-element elementor-element-21941d6 elementor-section-boxed elementor-section-height-default elementor-section-height-default\" data-id=\"21941d6\" data-element_type=\"section\" data-e-type=\"section\" data-settings=\"{&quot;background_background&quot;:&quot;classic&quot;}\">\n\t\t\t\t\t\t<div class=\"elementor-container elementor-column-gap-extended\">\n\t\t\t\t\t<div class=\"elementor-column elementor-col-100 elementor-top-column elementor-element elementor-element-747b65b\" data-id=\"747b65b\" data-element_type=\"column\" data-e-type=\"column\">\n\t\t\t<div class=\"elementor-widget-wrap elementor-element-populated\">\n\t\t\t\t\t\t<div class=\"elementor-element elementor-element-323970c elementor-widget__width-initial elementor-widget-mobile__width-inherit elementor-widget elementor-widget-image\" data-id=\"323970c\" data-element_type=\"widget\" data-e-type=\"widget\" data-widget_type=\"image.default\">\n\t\t\t\t<div class=\"elementor-widget-container\">\n\t\t\t\t\t\t\t\t\t\t\t\t\t\t\t<img decoding=\"async\" src=\"https:\/\/fairsicherung.ch\/wp-content\/uploads\/2023\/03\/versicherungsbroking_icon-1_neu.svg\" title=\"versicherungsbroking_icon-1_neu\" alt=\"versicherungsbroking_icon-1_neu\" loading=\"lazy\" \/>\t\t\t\t\t\t\t\t\t\t\t\t\t\t\t<\/div>\n\t\t\t\t<\/div>\n\t\t\t\t<div class=\"elementor-element elementor-element-bb062df elementor-widget__width-initial elementor-widget-mobile__width-inherit elementor-widget elementor-widget-heading\" data-id=\"bb062df\" data-element_type=\"widget\" data-e-type=\"widget\" data-widget_type=\"heading.default\">\n\t\t\t\t<div class=\"elementor-widget-container\">\n\t\t\t\t\t<h1 class=\"elementor-heading-title elementor-size-default\">PME et ind\u00e9pendants<\/h1>\t\t\t\t<\/div>\n\t\t\t\t<\/div>\n\t\t\t\t\t<\/div>\n\t\t<\/div>\n\t\t\t\t\t<\/div>\n\t\t<\/section>\n\t\t\t\t<section class=\"elementor-section elementor-top-section elementor-element elementor-element-a21a6ef elementor-section-boxed elementor-section-height-default elementor-section-height-default\" data-id=\"a21a6ef\" data-element_type=\"section\" data-e-type=\"section\">\n\t\t\t\t\t\t<div class=\"elementor-container elementor-column-gap-no\">\n\t\t\t\t\t<div class=\"elementor-column elementor-col-100 elementor-top-column elementor-element elementor-element-91f7530\" data-id=\"91f7530\" data-element_type=\"column\" data-e-type=\"column\">\n\t\t\t<div class=\"elementor-widget-wrap elementor-element-populated\">\n\t\t\t\t\t\t<div class=\"elementor-element elementor-element-6f19282 elementor-widget elementor-widget-text-editor\" data-id=\"6f19282\" data-element_type=\"widget\" data-e-type=\"widget\" data-widget_type=\"text-editor.default\">\n\t\t\t\t<div class=\"elementor-widget-container\">\n\t\t\t\t\t\t\t\t\t<p>Notre offre pour les entreprises<\/p>\t\t\t\t\t\t\t\t<\/div>\n\t\t\t\t<\/div>\n\t\t\t\t<div class=\"elementor-element elementor-element-5481cad elementor-widget__width-initial elementor-widget elementor-widget-text-editor\" data-id=\"5481cad\" data-element_type=\"widget\" data-e-type=\"widget\" data-widget_type=\"text-editor.default\">\n\t\t\t\t<div class=\"elementor-widget-container\">\n\t\t\t\t\t\t\t\t\t<p>Tu es ind\u00e9pendant ou tu pr\u00e9vois de le devenir ? Tu diriges une PME ou une organisation sociale, et tu n'es pas s\u00fbr(e) des assurances dont tu as vraiment besoin ?<\/p>\n<p>Quels que soient les sujets qui te pr\u00e9occupent, nous te soutenons pour toutes les questions relatives \u00e0 tes assurances. L'accent est toujours mis sur l'exhaustivit\u00e9, l'exactitude et l'utilit\u00e9 de ton portefeuille.<\/p>\t\t\t\t\t\t\t\t<\/div>\n\t\t\t\t<\/div>\n\t\t\t\t\t<\/div>\n\t\t<\/div>\n\t\t\t\t\t<\/div>\n\t\t<\/section>\n\t\t\t\t<section class=\"elementor-section elementor-top-section elementor-element elementor-element-eac9edc elementor-section-boxed elementor-section-height-default elementor-section-height-default\" data-id=\"eac9edc\" data-element_type=\"section\" data-e-type=\"section\">\n\t\t\t\t\t\t<div class=\"elementor-container elementor-column-gap-no\">\n\t\t\t\t\t<div class=\"elementor-column elementor-col-100 elementor-top-column elementor-element elementor-element-6a2b986\" data-id=\"6a2b986\" data-element_type=\"column\" data-e-type=\"column\">\n\t\t\t<div class=\"elementor-widget-wrap elementor-element-populated\">\n\t\t\t\t\t\t<section class=\"elementor-section elementor-inner-section elementor-element elementor-element-b8ffab7 elementor-section-full_width elementor-section-height-default elementor-section-height-default\" data-id=\"b8ffab7\" data-element_type=\"section\" data-e-type=\"section\">\n\t\t\t\t\t\t<div class=\"elementor-container elementor-column-gap-extended\">\n\t\t\t\t\t<div class=\"elementor-column elementor-col-20 elementor-inner-column elementor-element elementor-element-bc9eecd\" data-id=\"bc9eecd\" data-element_type=\"column\" data-e-type=\"column\">\n\t\t\t<div class=\"elementor-widget-wrap elementor-element-populated\">\n\t\t\t\t\t\t<div class=\"elementor-element elementor-element-b882697 elementor-position-top elementor-widget elementor-widget-image-box\" data-id=\"b882697\" data-element_type=\"widget\" data-e-type=\"widget\" data-widget_type=\"image-box.default\">\n\t\t\t\t<div class=\"elementor-widget-container\">\n\t\t\t\t\t<div class=\"elementor-image-box-wrapper\"><figure class=\"elementor-image-box-img\"><img decoding=\"async\" width=\"80\" height=\"80\" src=\"https:\/\/fairsicherung.ch\/wp-content\/uploads\/2023\/03\/consultation.svg\" class=\"attachment-full size-full wp-image-979\" alt=\"\" \/><\/figure><div class=\"elementor-image-box-content\"><h3 class=\"elementor-image-box-title\">Entretien de conseil<\/h3><p class=\"elementor-image-box-description\">Lors d'un entretien de conseil personnel, nous abordons tes questions concr\u00e8tes, discutons de tes besoins et des \u00e9tapes ult\u00e9rieures possibles.<\/p><\/div><\/div>\t\t\t\t<\/div>\n\t\t\t\t<\/div>\n\t\t\t\t\t<\/div>\n\t\t<\/div>\n\t\t\t\t<div class=\"elementor-column elementor-col-20 elementor-inner-column elementor-element elementor-element-8816c15\" data-id=\"8816c15\" data-element_type=\"column\" data-e-type=\"column\">\n\t\t\t<div class=\"elementor-widget-wrap elementor-element-populated\">\n\t\t\t\t\t\t<div class=\"elementor-element elementor-element-7775462 elementor-widget elementor-widget-spacer\" data-id=\"7775462\" data-element_type=\"widget\" data-e-type=\"widget\" data-widget_type=\"spacer.default\">\n\t\t\t\t<div class=\"elementor-widget-container\">\n\t\t\t\t\t\t\t<div class=\"elementor-spacer\">\n\t\t\t<div class=\"elementor-spacer-inner\"><\/div>\n\t\t<\/div>\n\t\t\t\t\t\t<\/div>\n\t\t\t\t<\/div>\n\t\t\t\t\t<\/div>\n\t\t<\/div>\n\t\t\t\t<div class=\"elementor-column elementor-col-20 elementor-inner-column elementor-element elementor-element-0282136\" data-id=\"0282136\" data-element_type=\"column\" data-e-type=\"column\">\n\t\t\t<div class=\"elementor-widget-wrap elementor-element-populated\">\n\t\t\t\t\t\t<div class=\"elementor-element elementor-element-8737367 elementor-position-top elementor-widget elementor-widget-image-box\" data-id=\"8737367\" data-element_type=\"widget\" data-e-type=\"widget\" data-widget_type=\"image-box.default\">\n\t\t\t\t<div class=\"elementor-widget-container\">\n\t\t\t\t\t<div class=\"elementor-image-box-wrapper\"><figure class=\"elementor-image-box-img\"><img decoding=\"async\" width=\"80\" height=\"80\" src=\"https:\/\/fairsicherung.ch\/wp-content\/uploads\/2023\/06\/Auftrag.svg\" class=\"attachment-full size-full wp-image-2604\" alt=\"\" \/><\/figure><div class=\"elementor-image-box-content\"><h3 class=\"elementor-image-box-title\">Mission<\/h3><p class=\"elementor-image-box-description\">Si nous constatons ensemble qu'il est n\u00e9cessaire d'agir, nous effectuons des t\u00e2ches concr\u00e8tes pour toi : Nous examinons par exemple ton portefeuille, ou nous te proposons de nouvelles assurances adapt\u00e9es.<\/p><\/div><\/div>\t\t\t\t<\/div>\n\t\t\t\t<\/div>\n\t\t\t\t\t<\/div>\n\t\t<\/div>\n\t\t\t\t<div class=\"elementor-column elementor-col-20 elementor-inner-column elementor-element elementor-element-d18938b\" data-id=\"d18938b\" data-element_type=\"column\" data-e-type=\"column\">\n\t\t\t<div class=\"elementor-widget-wrap elementor-element-populated\">\n\t\t\t\t\t\t<div class=\"elementor-element elementor-element-79a9958 elementor-widget elementor-widget-spacer\" data-id=\"79a9958\" data-element_type=\"widget\" data-e-type=\"widget\" data-widget_type=\"spacer.default\">\n\t\t\t\t<div class=\"elementor-widget-container\">\n\t\t\t\t\t\t\t<div class=\"elementor-spacer\">\n\t\t\t<div class=\"elementor-spacer-inner\"><\/div>\n\t\t<\/div>\n\t\t\t\t\t\t<\/div>\n\t\t\t\t<\/div>\n\t\t\t\t\t<\/div>\n\t\t<\/div>\n\t\t\t\t<div class=\"elementor-column elementor-col-20 elementor-inner-column elementor-element elementor-element-ff996e1\" data-id=\"ff996e1\" data-element_type=\"column\" data-e-type=\"column\">\n\t\t\t<div class=\"elementor-widget-wrap elementor-element-populated\">\n\t\t\t\t\t\t<div class=\"elementor-element elementor-element-b8626fb elementor-position-top elementor-widget elementor-widget-image-box\" data-id=\"b8626fb\" data-element_type=\"widget\" data-e-type=\"widget\" data-widget_type=\"image-box.default\">\n\t\t\t\t<div class=\"elementor-widget-container\">\n\t\t\t\t\t<div class=\"elementor-image-box-wrapper\"><figure class=\"elementor-image-box-img\"><img decoding=\"async\" width=\"80\" height=\"80\" src=\"https:\/\/fairsicherung.ch\/wp-content\/uploads\/2023\/06\/Mandat.svg\" class=\"attachment-full size-full wp-image-2605\" alt=\"\" \/><\/figure><div class=\"elementor-image-box-content\"><h3 class=\"elementor-image-box-title\">Mandat<\/h3><p class=\"elementor-image-box-description\">Si tu le souhaites, nous pouvons prendre en charge l'ensemble de ton portefeuille d'assurances. Nous pouvons l'encadrer, le g\u00e9rer et l'adapter en permanence si n\u00e9cessaire.<\/p><\/div><\/div>\t\t\t\t<\/div>\n\t\t\t\t<\/div>\n\t\t\t\t\t<\/div>\n\t\t<\/div>\n\t\t\t\t\t<\/div>\n\t\t<\/section>\n\t\t\t\t\t<\/div>\n\t\t<\/div>\n\t\t\t\t\t<\/div>\n\t\t<\/section>\n\t\t\t\t<section class=\"elementor-section elementor-top-section elementor-element elementor-element-475a56e elementor-section-boxed elementor-section-height-default elementor-section-height-default\" data-id=\"475a56e\" data-element_type=\"section\" data-e-type=\"section\" data-settings=\"{&quot;background_background&quot;:&quot;classic&quot;}\">\n\t\t\t\t\t\t<div class=\"elementor-container elementor-column-gap-extended\">\n\t\t\t\t\t<div class=\"elementor-column elementor-col-100 elementor-top-column elementor-element elementor-element-dd4479c\" data-id=\"dd4479c\" data-element_type=\"column\" data-e-type=\"column\">\n\t\t\t<div class=\"elementor-widget-wrap elementor-element-populated\">\n\t\t\t\t\t\t<div class=\"elementor-element elementor-element-3e3b1b4 elementor-widget elementor-widget-heading\" data-id=\"3e3b1b4\" data-element_type=\"widget\" data-e-type=\"widget\" data-widget_type=\"heading.default\">\n\t\t\t\t<div class=\"elementor-widget-container\">\n\t\t\t\t\t<h3 class=\"elementor-heading-title elementor-size-default\">Co\u00fbts<\/h3>\t\t\t\t<\/div>\n\t\t\t\t<\/div>\n\t\t\t\t<div class=\"elementor-element elementor-element-c4fe85f elementor-widget__width-initial elementor-icon-list--layout-traditional elementor-list-item-link-full_width elementor-widget elementor-widget-icon-list\" data-id=\"c4fe85f\" data-element_type=\"widget\" data-e-type=\"widget\" data-widget_type=\"icon-list.default\">\n\t\t\t\t<div class=\"elementor-widget-container\">\n\t\t\t\t\t\t\t<ul class=\"elementor-icon-list-items\">\n\t\t\t\t\t\t\t<li class=\"elementor-icon-list-item\">\n\t\t\t\t\t\t\t\t\t\t\t<span class=\"elementor-icon-list-icon\">\n\t\t\t\t\t\t\t<i aria-hidden=\"true\" class=\"fas fa-circle\"><\/i>\t\t\t\t\t\t<\/span>\n\t\t\t\t\t\t\t\t\t\t<span class=\"elementor-icon-list-text\">Pour un premier entretien de conseil, nous facturons un montant forfaitaire de 380 francs. En tant que membre actif de l'un de nos partenaires, tu b\u00e9n\u00e9ficies d'une r\u00e9duction de 20%.<\/span>\n\t\t\t\t\t\t\t\t\t<\/li>\n\t\t\t\t\t\t\t\t<li class=\"elementor-icon-list-item\">\n\t\t\t\t\t\t\t\t\t\t\t<span class=\"elementor-icon-list-icon\">\n\t\t\t\t\t\t\t<i aria-hidden=\"true\" class=\"fas fa-circle\"><\/i>\t\t\t\t\t\t<\/span>\n\t\t\t\t\t\t\t\t\t\t<span class=\"elementor-icon-list-text\">Pour les autres missions, nous facturons un tarif horaire de 190 francs. L'\u00e9tendue et les co\u00fbts sont toujours d\u00e9finis ensemble et de mani\u00e8re transparente, avant le d\u00e9but du mandat.<\/span>\n\t\t\t\t\t\t\t\t\t<\/li>\n\t\t\t\t\t\t\t\t<li class=\"elementor-icon-list-item\">\n\t\t\t\t\t\t\t\t\t\t\t<span class=\"elementor-icon-list-icon\">\n\t\t\t\t\t\t\t<i aria-hidden=\"true\" class=\"fas fa-circle\"><\/i>\t\t\t\t\t\t<\/span>\n\t\t\t\t\t\t\t\t\t\t<span class=\"elementor-icon-list-text\">Si la collaboration d\u00e9bouche sur un mandat, ces honoraires horaires sont d\u00e9duits des courtages.<\/span>\n\t\t\t\t\t\t\t\t\t<\/li>\n\t\t\t\t\t\t<\/ul>\n\t\t\t\t\t\t<\/div>\n\t\t\t\t<\/div>\n\t\t\t\t\t<\/div>\n\t\t<\/div>\n\t\t\t\t\t<\/div>\n\t\t<\/section>\n\t\t\t\t<section class=\"elementor-section elementor-top-section elementor-element elementor-element-33b05f0 elementor-section-boxed elementor-section-height-default elementor-section-height-default\" data-id=\"33b05f0\" data-element_type=\"section\" data-e-type=\"section\" data-settings=\"{&quot;background_background&quot;:&quot;classic&quot;}\">\n\t\t\t\t\t\t<div class=\"elementor-container elementor-column-gap-extended\">\n\t\t\t\t\t<div class=\"elementor-column elementor-col-100 elementor-top-column elementor-element elementor-element-0cb3d26\" data-id=\"0cb3d26\" data-element_type=\"column\" data-e-type=\"column\">\n\t\t\t<div class=\"elementor-widget-wrap elementor-element-populated\">\n\t\t\t\t\t\t<div class=\"elementor-element elementor-element-11ede05 elementor-widget elementor-widget-heading\" data-id=\"11ede05\" data-element_type=\"widget\" data-e-type=\"widget\" data-widget_type=\"heading.default\">\n\t\t\t\t<div class=\"elementor-widget-container\">\n\t\t\t\t\t<h2 class=\"elementor-heading-title elementor-size-default\">Tu as des questions ?<\/h2>\t\t\t\t<\/div>\n\t\t\t\t<\/div>\n\t\t\t\t<div class=\"elementor-element elementor-element-104d8c1 elementor-widget elementor-widget-text-editor\" data-id=\"104d8c1\" data-element_type=\"widget\" data-e-type=\"widget\" data-widget_type=\"text-editor.default\">\n\t\t\t\t<div class=\"elementor-widget-container\">\n\t\t\t\t\t\t\t\t\t<p>Nos responsables de mandat sont l\u00e0 pour toi !<\/p>\t\t\t\t\t\t\t\t<\/div>\n\t\t\t\t<\/div>\n\t\t\t\t<div class=\"elementor-element elementor-element-ed973bd elementor-widget elementor-widget-button\" data-id=\"ed973bd\" data-element_type=\"widget\" data-e-type=\"widget\" data-widget_type=\"button.default\">\n\t\t\t\t<div class=\"elementor-widget-container\">\n\t\t\t\t\t\t\t\t\t<div class=\"elementor-button-wrapper\">\n\t\t\t\t\t<a class=\"elementor-button elementor-button-link elementor-size-sm\" href=\"https:\/\/fairsicherung.ch\/fr\/kontakt\/\">\n\t\t\t\t\t\t<span class=\"elementor-button-content-wrapper\">\n\t\t\t\t\t\t\t\t\t<span class=\"elementor-button-text\">Contact<\/span>\n\t\t\t\t\t<\/span>\n\t\t\t\t\t<\/a>\n\t\t\t\t<\/div>\n\t\t\t\t\t\t\t\t<\/div>\n\t\t\t\t<\/div>\n\t\t\t\t\t<\/div>\n\t\t<\/div>\n\t\t\t\t\t<\/div>\n\t\t<\/section>\n\t\t\t\t<\/div>","protected":false},"excerpt":{"rendered":"<p>KMU und Selbst\u00e4ndige Unser Angebot f\u00fcr Firmenkunden Du bist selbst\u00e4ndig oder planst selbst\u00e4ndig zu werden? Du f\u00fchrst ein KMU oder eine soziale Organisation und bist dir unsicher, welche Versicherungen du wirklich brauchst? Egal welche Themen bei dir aufkommen \u2013 wir unterst\u00fctzen dich bei allen Fragen rund um deine Versicherungen. Im Fokus stehen dabei immer die [&hellip;]<\/p>\n","protected":false},"author":7,"featured_media":0,"parent":0,"menu_order":0,"comment_status":"closed","ping_status":"closed","template":"elementor_header_footer","meta":{"footnotes":""},"class_list":["post-1671","page","type-page","status-publish","hentry"],"yoast_head":"<!-- This site is optimized with the Yoast SEO plugin v27.4 - https:\/\/yoast.com\/product\/yoast-seo-wordpress\/ -->\n<title>KMU und Selbst\u00e4ndige - fairsicherung<\/title>\n<meta name=\"robots\" content=\"index, follow, max-snippet:-1, max-image-preview:large, max-video-preview:-1\" \/>\n<link rel=\"canonical\" href=\"https:\/\/fairsicherung.ch\/fr\/kmu-und-selbstaendige\/\" \/>\n<meta property=\"og:locale\" content=\"fr_FR\" \/>\n<meta property=\"og:type\" content=\"article\" \/>\n<meta property=\"og:title\" content=\"KMU und Selbst\u00e4ndige - fairsicherung\" \/>\n<meta property=\"og:description\" content=\"KMU und Selbst\u00e4ndige Unser Angebot f\u00fcr Firmenkunden Du bist selbst\u00e4ndig oder planst selbst\u00e4ndig zu werden? Du f\u00fchrst ein KMU oder eine soziale Organisation und bist dir unsicher, welche Versicherungen du wirklich brauchst? Egal welche Themen bei dir aufkommen \u2013 wir unterst\u00fctzen dich bei allen Fragen rund um deine Versicherungen. Im Fokus stehen dabei immer die [&hellip;]\" \/>\n<meta property=\"og:url\" content=\"https:\/\/fairsicherung.ch\/fr\/kmu-und-selbstaendige\/\" \/>\n<meta property=\"og:site_name\" content=\"fairsicherung\" \/>\n<meta property=\"article:modified_time\" content=\"2023-07-10T08:11:34+00:00\" \/>\n<meta property=\"og:image\" content=\"https:\/\/fairsicherung.ch\/wp-content\/uploads\/2023\/03\/versicherungsbroking_icon-1_neu.svg\" \/>\n<meta name=\"twitter:card\" content=\"summary_large_image\" \/>\n<meta name=\"twitter:label1\" content=\"Dur\u00e9e de lecture estim\u00e9e\" \/>\n\t<meta name=\"twitter:data1\" content=\"1 minute\" \/>\n<script type=\"application\/ld+json\" class=\"yoast-schema-graph\">{\"@context\":\"https:\\\/\\\/schema.org\",\"@graph\":[{\"@type\":\"WebPage\",\"@id\":\"https:\\\/\\\/fairsicherung.ch\\\/kmu-und-selbstaendige\\\/\",\"url\":\"https:\\\/\\\/fairsicherung.ch\\\/kmu-und-selbstaendige\\\/\",\"name\":\"KMU und Selbst\u00e4ndige - fairsicherung\",\"isPartOf\":{\"@id\":\"https:\\\/\\\/fairsicherung.ch\\\/#website\"},\"primaryImageOfPage\":{\"@id\":\"https:\\\/\\\/fairsicherung.ch\\\/kmu-und-selbstaendige\\\/#primaryimage\"},\"image\":{\"@id\":\"https:\\\/\\\/fairsicherung.ch\\\/kmu-und-selbstaendige\\\/#primaryimage\"},\"thumbnailUrl\":\"https:\\\/\\\/fairsicherung.ch\\\/wp-content\\\/uploads\\\/2023\\\/03\\\/versicherungsbroking_icon-1_neu.svg\",\"datePublished\":\"2023-03-28T11:57:29+00:00\",\"dateModified\":\"2023-07-10T08:11:34+00:00\",\"breadcrumb\":{\"@id\":\"https:\\\/\\\/fairsicherung.ch\\\/kmu-und-selbstaendige\\\/#breadcrumb\"},\"inLanguage\":\"fr-FR\",\"potentialAction\":[{\"@type\":\"ReadAction\",\"target\":[\"https:\\\/\\\/fairsicherung.ch\\\/kmu-und-selbstaendige\\\/\"]}]},{\"@type\":\"ImageObject\",\"inLanguage\":\"fr-FR\",\"@id\":\"https:\\\/\\\/fairsicherung.ch\\\/kmu-und-selbstaendige\\\/#primaryimage\",\"url\":\"https:\\\/\\\/fairsicherung.ch\\\/wp-content\\\/uploads\\\/2023\\\/03\\\/versicherungsbroking_icon-1_neu.svg\",\"contentUrl\":\"https:\\\/\\\/fairsicherung.ch\\\/wp-content\\\/uploads\\\/2023\\\/03\\\/versicherungsbroking_icon-1_neu.svg\"},{\"@type\":\"BreadcrumbList\",\"@id\":\"https:\\\/\\\/fairsicherung.ch\\\/kmu-und-selbstaendige\\\/#breadcrumb\",\"itemListElement\":[{\"@type\":\"ListItem\",\"position\":1,\"name\":\"Startseite\",\"item\":\"https:\\\/\\\/fairsicherung.ch\\\/\"},{\"@type\":\"ListItem\",\"position\":2,\"name\":\"KMU und Selbst\u00e4ndige\"}]},{\"@type\":\"WebSite\",\"@id\":\"https:\\\/\\\/fairsicherung.ch\\\/#website\",\"url\":\"https:\\\/\\\/fairsicherung.ch\\\/\",\"name\":\"fairsicherung\",\"description\":\"Seit \u00fcber 30 Jahren beraten wir KMU-Betriebe sowie Vereine und Verb\u00e4nde, NGOs, Selbstst\u00e4ndige und Privatpersonen.\",\"potentialAction\":[{\"@type\":\"SearchAction\",\"target\":{\"@type\":\"EntryPoint\",\"urlTemplate\":\"https:\\\/\\\/fairsicherung.ch\\\/?s={search_term_string}\"},\"query-input\":{\"@type\":\"PropertyValueSpecification\",\"valueRequired\":true,\"valueName\":\"search_term_string\"}}],\"inLanguage\":\"fr-FR\"}]}<\/script>\n<!-- \/ Yoast SEO plugin. -->","yoast_head_json":{"title":"KMU und Selbst\u00e4ndige - fairsicherung","robots":{"index":"index","follow":"follow","max-snippet":"max-snippet:-1","max-image-preview":"max-image-preview:large","max-video-preview":"max-video-preview:-1"},"canonical":"https:\/\/fairsicherung.ch\/fr\/kmu-und-selbstaendige\/","og_locale":"fr_FR","og_type":"article","og_title":"KMU und Selbst\u00e4ndige - fairsicherung","og_description":"KMU und Selbst\u00e4ndige Unser Angebot f\u00fcr Firmenkunden Du bist selbst\u00e4ndig oder planst selbst\u00e4ndig zu werden? Du f\u00fchrst ein KMU oder eine soziale Organisation und bist dir unsicher, welche Versicherungen du wirklich brauchst? Egal welche Themen bei dir aufkommen \u2013 wir unterst\u00fctzen dich bei allen Fragen rund um deine Versicherungen. Im Fokus stehen dabei immer die [&hellip;]","og_url":"https:\/\/fairsicherung.ch\/fr\/kmu-und-selbstaendige\/","og_site_name":"fairsicherung","article_modified_time":"2023-07-10T08:11:34+00:00","og_image":[{"url":"https:\/\/fairsicherung.ch\/wp-content\/uploads\/2023\/03\/versicherungsbroking_icon-1_neu.svg","type":"","width":"","height":""}],"twitter_card":"summary_large_image","twitter_misc":{"Dur\u00e9e de lecture estim\u00e9e":"1 minute"},"schema":{"@context":"https:\/\/schema.org","@graph":[{"@type":"WebPage","@id":"https:\/\/fairsicherung.ch\/kmu-und-selbstaendige\/","url":"https:\/\/fairsicherung.ch\/kmu-und-selbstaendige\/","name":"KMU und Selbst\u00e4ndige - fairsicherung","isPartOf":{"@id":"https:\/\/fairsicherung.ch\/#website"},"primaryImageOfPage":{"@id":"https:\/\/fairsicherung.ch\/kmu-und-selbstaendige\/#primaryimage"},"image":{"@id":"https:\/\/fairsicherung.ch\/kmu-und-selbstaendige\/#primaryimage"},"thumbnailUrl":"https:\/\/fairsicherung.ch\/wp-content\/uploads\/2023\/03\/versicherungsbroking_icon-1_neu.svg","datePublished":"2023-03-28T11:57:29+00:00","dateModified":"2023-07-10T08:11:34+00:00","breadcrumb":{"@id":"https:\/\/fairsicherung.ch\/kmu-und-selbstaendige\/#breadcrumb"},"inLanguage":"fr-FR","potentialAction":[{"@type":"ReadAction","target":["https:\/\/fairsicherung.ch\/kmu-und-selbstaendige\/"]}]},{"@type":"ImageObject","inLanguage":"fr-FR","@id":"https:\/\/fairsicherung.ch\/kmu-und-selbstaendige\/#primaryimage","url":"https:\/\/fairsicherung.ch\/wp-content\/uploads\/2023\/03\/versicherungsbroking_icon-1_neu.svg","contentUrl":"https:\/\/fairsicherung.ch\/wp-content\/uploads\/2023\/03\/versicherungsbroking_icon-1_neu.svg"},{"@type":"BreadcrumbList","@id":"https:\/\/fairsicherung.ch\/kmu-und-selbstaendige\/#breadcrumb","itemListElement":[{"@type":"ListItem","position":1,"name":"Startseite","item":"https:\/\/fairsicherung.ch\/"},{"@type":"ListItem","position":2,"name":"KMU und Selbst\u00e4ndige"}]},{"@type":"WebSite","@id":"https:\/\/fairsicherung.ch\/#website","url":"https:\/\/fairsicherung.ch\/","name":"fairsicherung","description":"Seit \u00fcber 30 Jahren beraten wir KMU-Betriebe sowie Vereine und Verb\u00e4nde, NGOs, Selbstst\u00e4ndige und Privatpersonen.","potentialAction":[{"@type":"SearchAction","target":{"@type":"EntryPoint","urlTemplate":"https:\/\/fairsicherung.ch\/?s={search_term_string}"},"query-input":{"@type":"PropertyValueSpecification","valueRequired":true,"valueName":"search_term_string"}}],"inLanguage":"fr-FR"}]}},"_links":{"self":[{"href":"https:\/\/fairsicherung.ch\/fr\/wp-json\/wp\/v2\/pages\/1671","targetHints":{"allow":["GET"]}}],"collection":[{"href":"https:\/\/fairsicherung.ch\/fr\/wp-json\/wp\/v2\/pages"}],"about":[{"href":"https:\/\/fairsicherung.ch\/fr\/wp-json\/wp\/v2\/types\/page"}],"author":[{"embeddable":true,"href":"https:\/\/fairsicherung.ch\/fr\/wp-json\/wp\/v2\/users\/7"}],"replies":[{"embeddable":true,"href":"https:\/\/fairsicherung.ch\/fr\/wp-json\/wp\/v2\/comments?post=1671"}],"version-history":[{"count":209,"href":"https:\/\/fairsicherung.ch\/fr\/wp-json\/wp\/v2\/pages\/1671\/revisions"}],"predecessor-version":[{"id":2615,"href":"https:\/\/fairsicherung.ch\/fr\/wp-json\/wp\/v2\/pages\/1671\/revisions\/2615"}],"wp:attachment":[{"href":"https:\/\/fairsicherung.ch\/fr\/wp-json\/wp\/v2\/media?parent=1671"}],"curies":[{"name":"wp","href":"https:\/\/api.w.org\/{rel}","templated":true}]}}